{"id":77343,"date":"2021-04-06T08:16:20","date_gmt":"2021-04-06T06:16:20","guid":{"rendered":"https:\/\/www.cbdblueten.de\/shop\/unkategorisiert\/cannabis-terpene-gelato\/"},"modified":"2026-04-20T15:54:01","modified_gmt":"2026-04-20T13:54:01","slug":"cannabis-terpene-gelato","status":"publish","type":"product","link":"https:\/\/www.cbdblueten.de\/en\/shop\/cannabis-terpene\/cannabis-terpene-gelato\/","title":{"rendered":"Cannabis Terpene Gelato"},"content":{"rendered":"<p>Unsere hochwertigen Terpene werden zu 100% nat&uuml;rlich ohne Zusatz von L&ouml;sungsmitteln hergestellt und enthalten weder THC noch CBD.<br \/>\n&nbsp;<\/p>\n<h3>Anwendungsm&ouml;glichkeiten<\/h3>\n<p>Terpene von OMG Terpenes eignen sich perfekt dazu,&nbsp;verschiedenen Kr&auml;utern, Extrakten, Harzen, &Ouml;len, Basen&nbsp;oder auch Kristallen einen authentischen Geschmack zu verleihen.<br \/>\n&nbsp;<\/p>\n<h3>Dosierung<\/p>\n<p>ACHTUNG: BITTE BEACHTE, DASS TERPENE KONZENTRIERT SIND!<\/h3>\n<p>Wir empfehlen eine Dosierung von 1-&nbsp;4% Terpene im fertigen Produkt bzw. in der fertigen L&ouml;sung. Unbedingt den Kontakt mit Haut und Augen vermeiden! Terpene niemals unverd&uuml;nnt&nbsp;einnehmen oder direkt verdampfen! Terpene&nbsp;sollten immer in einem Extrakt, &Ouml;l, Harz oder einer (fl&uuml;ssigen) Base verd&uuml;nnt werden.<\/p>\n","protected":false},"excerpt":{"rendered":"<p>s\u00fc\u00dfe und einer leichten S\u00e4ure von Zitrusfr\u00fcchten mit pflanzlichen und erdigen<\/p>\n","protected":false},"featured_media":77398,"comment_status":"open","ping_status":"closed","template":"","meta":[],"product_brand":[],"product_cat":[370],"product_tag":[],"class_list":{"0":"post-77343","1":"product","2":"type-product","3":"status-publish","4":"has-post-thumbnail","6":"product_cat-cannabis-terpene","7":"product_shipping_class-0-thc","9":"first","10":"instock","11":"taxable","12":"shipping-taxable","13":"product-type-variable"},"_links":{"self":[{"href":"https:\/\/www.cbdblueten.de\/en\/wp-json\/wp\/v2\/product\/77343","targetHints":{"allow":["GET"]}}],"collection":[{"href":"https:\/\/www.cbdblueten.de\/en\/wp-json\/wp\/v2\/product"}],"about":[{"href":"https:\/\/www.cbdblueten.de\/en\/wp-json\/wp\/v2\/types\/product"}],"replies":[{"embeddable":true,"href":"https:\/\/www.cbdblueten.de\/en\/wp-json\/wp\/v2\/comments?post=77343"}],"wp:featuredmedia":[{"embeddable":true,"href":"https:\/\/www.cbdblueten.de\/en\/wp-json\/wp\/v2\/media\/77398"}],"wp:attachment":[{"href":"https:\/\/www.cbdblueten.de\/en\/wp-json\/wp\/v2\/media?parent=77343"}],"wp:term":[{"taxonomy":"product_brand","embeddable":true,"href":"https:\/\/www.cbdblueten.de\/en\/wp-json\/wp\/v2\/product_brand?post=77343"},{"taxonomy":"product_cat","embeddable":true,"href":"https:\/\/www.cbdblueten.de\/en\/wp-json\/wp\/v2\/product_cat?post=77343"},{"taxonomy":"product_tag","embeddable":true,"href":"https:\/\/www.cbdblueten.de\/en\/wp-json\/wp\/v2\/product_tag?post=77343"}],"curies":[{"name":"wp","href":"https:\/\/api.w.org\/{rel}","templated":true}]}}