{"id":76344,"date":"2025-01-04T23:53:23","date_gmt":"2025-01-04T22:53:23","guid":{"rendered":"https:\/\/www.cbdblueten.de\/shop\/unkategorisiert\/wildkraut-energy-sniff\/"},"modified":"2026-01-20T16:20:51","modified_gmt":"2026-01-20T15:20:51","slug":"wildkraut-energy-sniff","status":"publish","type":"product","link":"https:\/\/www.cbdblueten.de\/en\/shop\/geschenke-party\/wildkraut-energy-sniff\/","title":{"rendered":"Wildkraut Energy Sniff"},"content":{"rendered":"<p><strong>Wildkraut ist der erste Engery Sniff der Welt. Die Mischung aus Alpenkr&auml;utern und nat&uuml;rlichem Koffein, wird vom Handr&uuml;cken geschnupft und wirkt unmittelbar. Wildkraut ist ein Wachmacher und auch eine Konzentrationshilfe.<\/strong><\/p>\n<p><strong>Meisterwurz<\/strong><br \/>\nDie Meisterwurz war so etwas wie die medizinische Allzweckwaffe der fr&uuml;hen Neuzeit. Egal ob Fieber, Abgespanntheit, Entz&uuml;ndungen oder Pest: man vertraute auf den &bdquo;Heilschatz der Alpen&ldquo;.Wir vertrauen vor allem auf die entgiftende Wirkung der Meisterwurz. In durchzechten N&auml;chten sicher keine ganz schlechte Idee. Und wer wei&szlig;, vielleicht ist ja sogar an der alten Volksweisheit etwas dran: &bdquo;Die Meisterwurz hilft dem Meister auf die Meisterin.&ldquo;<\/p>\n<p><strong>Rosenwurz<\/strong><br \/>\nNicht alles, wovon Fliegen naschen, ist Mist. Rosenwurz zum Beispiel. Der ist so etwas wie ihr Lebenselixier. Isst eine Fliege davon, verl&auml;ngert sich ihre Lebenserwartung um 25%. Da freut sich die Fliege. Und deine Nase wahrscheinlich auch. Rosenwurz hat n&auml;mlich ersch&ouml;pfungsmindernde Eigenschaften. Sowjetische Wissenschaftler erkannten bereits vor Jahrzehnten, dass Rosenwurz die k&ouml;rpereigene Energie verst&auml;rkt und sich zur Behandlung geistiger M&uuml;digkeit eignet. Nastrovje Genossen!<\/p>\n<p><strong>Koffein<\/strong><br \/>\nW&auml;chst leider nicht in den Alpen. Aber wir wollen auf seine Wirkung so wenig verzichten, wie du auf deinen Morgenkaffee. &Uuml;brigens: &uuml;ber die Nasenschleimh&auml;ute aufgenommen, wirkt Koffein noch schneller.Im Gegensatz zu vielen Getr&auml;nkehersteller verwenden wir kein synthetisches Koffein. Wir vertrauen der Kraft der gr&uuml;nen Kaffeebohne und gewinnen daraus unser nat&uuml;rliches Koffein.<\/p>\n<p><strong>Guarana<\/strong><br \/>\nGuarana enth&auml;lt bis zu dreimal mehr Koffein als die Kaffeebohne. Da dampft der Espresso vor Neid und wir f&uuml;llen den Weltrekordler voller Vorfreude in unser Wildkraut-Fl&auml;schchen.<\/p>\n<p><strong>Tryptophan<\/strong><br \/>\nAuch wenn du noch nie was von Tryptophan geh&ouml;rt hast, tut diese Aminos&auml;ure extrem viel f&uuml;r dein Wohlbefinden. Tryptophan ist essentiell f&uuml;r die Aussch&uuml;ttung von Gl&uuml;ckshormonen und versorgt deine Zirbeldr&uuml;se mit Melatonin. So kannst du auch mit wenig Schlaf bestm&ouml;glich regenerieren. Viel Spa&szlig; beim Spa&szlig; haben.<\/p>\n<p><strong>Moringa<\/strong><br \/>\nMoringa ist eines dieser hippen Superfoods. Das ist uns aber gar nicht so wichtig. Und ob es wirklich die n&auml;hrstoffreichste Pflanze der Welt ist, interessiert uns auch nicht wirklich. Unserem Wildkraut verleiht das Moringa n&auml;mlich vor allem eine unglaubliche Geschmacksnote. Wenn da die vielen N&auml;hrstoffe, Vitamine, Antioxidantien und Mineralstoffe mit durchrutschen: bitte gerne!<\/p>\n<p><strong>Theanin<\/strong><br \/>\nTheanin und Koffein sind ein echtes Duo Infernale. So was wie Dick und Doof oder Bud Spencer und Terence Hill. W&auml;hrend das Koffein sofort reinhaut, setzt die Wirkung des Theanins verz&ouml;gert ein und verhindert, dass du in ein Energieloch f&auml;llst, wenn die Wirkung des Koffeins nachl&auml;sst. Theanin ist &uuml;brigens die Aminos&auml;ure, die sich im gr&uuml;nen Tee befindet. Sie verhindert Nebenwirkungen des Koffeins wie Herzrasen oder Bluthochdruck. Das einzige, was Theanin erh&ouml;ht, ist deine Konzentrationsf&auml;higkeit.<\/p>\n<p><strong>Taurin<\/strong><br \/>\nTaurin findet man nicht nur in Energy Drinks, es ist auch wichtiger Bestandteil der Muttermilch. Und was f&uuml;r Babys und Weltraumspringer gut ist, muss nat&uuml;rlich rein ins Wildkraut-Fl&auml;schchen. Wir wollen schlie&szlig;lich, dass du genauso aufgeweckt bist, wie die meisten Kinder. Von denen solltest du Wildkraut aufgrund des erh&ouml;hten Koffeingehalts aber unbedingt fernhalten. Wildkraut ist ausschlie&szlig;lich f&uuml;r Erwachsene.<\/p>\n<p><strong>Tyrosin<\/strong><br \/>\nUnd noch so eine Aminos&auml;ure mit Wunderwirkung. Tyrosin sorgt bei Schlafentzug f&uuml;r bessere Ged&auml;chtnis- und Reaktionsf&auml;higkeiten. Au&szlig;erdem erh&ouml;ht es unsere Konzentration. Klingt nach einem ziemlich guten Beifahrer auf n&auml;chtlichen Autobahnen.<\/p>\n<p><strong>Wasserminze<\/strong><br \/>\nIn Zeiten, in denen es noch keine Zahnpasta gab, rettete die Wasserminze so manches Blind-Date. Sie wurde damals tats&auml;chlich als Mittel gegen Mundgeruch verwendet. Kann also sein, dass die Wasserminze f&uuml;r das besonders gute Aroma von Wildkraut verantwortlich ist und den bleibenden Wohlgeruch in der Nase erzeugt.<\/p>\n","protected":false},"excerpt":{"rendered":"<p>Alpenkr\u00e4uter verfeinert mit dem nat\u00fcrlichen Koffein der gr\u00fcnen Kaffeebohne<\/p>\n","protected":false},"featured_media":76351,"comment_status":"open","ping_status":"closed","template":"","meta":[],"product_brand":[],"product_cat":[732],"product_tag":[],"class_list":{"0":"post-76344","1":"product","2":"type-product","3":"status-publish","4":"has-post-thumbnail","6":"product_cat-geschenke-party","7":"product_shipping_class-0-thc","9":"first","10":"instock","11":"sale","12":"taxable","13":"shipping-taxable","14":"purchasable","15":"product-type-simple"},"_links":{"self":[{"href":"https:\/\/www.cbdblueten.de\/en\/wp-json\/wp\/v2\/product\/76344","targetHints":{"allow":["GET"]}}],"collection":[{"href":"https:\/\/www.cbdblueten.de\/en\/wp-json\/wp\/v2\/product"}],"about":[{"href":"https:\/\/www.cbdblueten.de\/en\/wp-json\/wp\/v2\/types\/product"}],"replies":[{"embeddable":true,"href":"https:\/\/www.cbdblueten.de\/en\/wp-json\/wp\/v2\/comments?post=76344"}],"wp:featuredmedia":[{"embeddable":true,"href":"https:\/\/www.cbdblueten.de\/en\/wp-json\/wp\/v2\/media\/76351"}],"wp:attachment":[{"href":"https:\/\/www.cbdblueten.de\/en\/wp-json\/wp\/v2\/media?parent=76344"}],"wp:term":[{"taxonomy":"product_brand","embeddable":true,"href":"https:\/\/www.cbdblueten.de\/en\/wp-json\/wp\/v2\/product_brand?post=76344"},{"taxonomy":"product_cat","embeddable":true,"href":"https:\/\/www.cbdblueten.de\/en\/wp-json\/wp\/v2\/product_cat?post=76344"},{"taxonomy":"product_tag","embeddable":true,"href":"https:\/\/www.cbdblueten.de\/en\/wp-json\/wp\/v2\/product_tag?post=76344"}],"curies":[{"name":"wp","href":"https:\/\/api.w.org\/{rel}","templated":true}]}}