{"id":70379,"date":"2018-09-03T14:38:21","date_gmt":"2018-09-03T12:38:21","guid":{"rendered":"https:\/\/www.cbdblueten.de\/shop\/unkategorisiert\/erdbeerli\/"},"modified":"2026-04-21T08:43:24","modified_gmt":"2026-04-21T06:43:24","slug":"erdbeerli","status":"publish","type":"product","link":"https:\/\/www.cbdblueten.de\/en\/shop\/cbd-blueten\/erdbeerli\/","title":{"rendered":"Erdbeerli"},"content":{"rendered":"Alle Produkte sind GMP-zertifiziert, dies gew\u00e4hrleistetet einen hohen Hygienestandard mit strengen regelm\u00e4\u00dfigen Kontrollen.<br><br>\r\n\r\nDie Kultivierung der Pflanzen erfolgt rein biologisch (mit Sicherheitsnachweis) ohne chemischen Spritz- oder D\u00fcngemittel.\r\nDer Anbau der Pflanzen erfolgt witterungsgesch\u00fctzt und unter Kunstlicht (indoor), die geernteten Hanfbl\u00fcten werden einzeln luftfrisiert, um die effizienteste S\u00e4uberung der Bl\u00fcten nach der Ernte zu gew\u00e4hrleisten.<br><br>\r\n\r\nDie Trocknung der Bl\u00fcten erfolgt schonend und gleichm\u00e4\u00dfig indem diese einzeln aufgelegt und in einem speziellen Raumklima langsam fermentiert werden.<br>\r\nDie Verpackung aus Zuckerrohr weist eine gute CO\u00b2 Bilanz auf, ist recycelbar und zudem auch biologisch abbaubar.\n","protected":false},"excerpt":{"rendered":"<p>CBD: ~8% &#8211; THC: &lt; 0,2%<br \/>Biologisch kultiviert<\/p>\n","protected":false},"featured_media":70389,"comment_status":"open","ping_status":"closed","template":"","meta":[],"product_brand":[],"product_cat":[95],"product_tag":[726],"class_list":{"0":"post-70379","1":"product","2":"type-product","3":"status-publish","4":"has-post-thumbnail","6":"product_cat-cbd-blueten","7":"product_tag-bio","8":"product_shipping_class-bis-02-thc","10":"first","11":"instock","12":"featured","13":"taxable","14":"shipping-taxable","15":"purchasable","16":"product-type-variable","17":"has-default-attributes"},"_links":{"self":[{"href":"https:\/\/www.cbdblueten.de\/en\/wp-json\/wp\/v2\/product\/70379","targetHints":{"allow":["GET"]}}],"collection":[{"href":"https:\/\/www.cbdblueten.de\/en\/wp-json\/wp\/v2\/product"}],"about":[{"href":"https:\/\/www.cbdblueten.de\/en\/wp-json\/wp\/v2\/types\/product"}],"replies":[{"embeddable":true,"href":"https:\/\/www.cbdblueten.de\/en\/wp-json\/wp\/v2\/comments?post=70379"}],"wp:featuredmedia":[{"embeddable":true,"href":"https:\/\/www.cbdblueten.de\/en\/wp-json\/wp\/v2\/media\/70389"}],"wp:attachment":[{"href":"https:\/\/www.cbdblueten.de\/en\/wp-json\/wp\/v2\/media?parent=70379"}],"wp:term":[{"taxonomy":"product_brand","embeddable":true,"href":"https:\/\/www.cbdblueten.de\/en\/wp-json\/wp\/v2\/product_brand?post=70379"},{"taxonomy":"product_cat","embeddable":true,"href":"https:\/\/www.cbdblueten.de\/en\/wp-json\/wp\/v2\/product_cat?post=70379"},{"taxonomy":"product_tag","embeddable":true,"href":"https:\/\/www.cbdblueten.de\/en\/wp-json\/wp\/v2\/product_tag?post=70379"}],"curies":[{"name":"wp","href":"https:\/\/api.w.org\/{rel}","templated":true}]}}