{"id":16573,"date":"2019-02-08T15:03:25","date_gmt":"2019-02-08T14:03:25","guid":{"rendered":"https:\/\/www.cbdblueten.de\/shop\/unkategorisiert\/cbd-blueten-gelato-eu\/"},"modified":"2026-04-09T11:02:12","modified_gmt":"2026-04-09T09:02:12","slug":"gelato","status":"publish","type":"product","link":"https:\/\/www.cbdblueten.de\/en\/shop\/cbd-blueten\/gelato\/","title":{"rendered":"Gelato"},"content":{"rendered":"<p>Klein&nbsp; ~8%<\/p>\n<p>Mittel 10-15%<\/p>\n<p>Gro&szlig;&nbsp; 15- 20%<\/p>\nAlle Produkte sind GMP-zertifiziert, dies gew\u00e4hrleistetet einen hohen Hygienestandard mit strengen regelm\u00e4\u00dfigen Kontrollen.<br><br>\r\n\r\nDie Kultivierung der Pflanzen erfolgt rein biologisch (mit Sicherheitsnachweis) ohne chemischen Spritz- oder D\u00fcngemittel.\r\nDer Anbau der Pflanzen erfolgt witterungsgesch\u00fctzt und unter Kunstlicht (indoor), die geernteten Hanfbl\u00fcten werden einzeln luftfrisiert, um die effizienteste S\u00e4uberung der Bl\u00fcten nach der Ernte zu gew\u00e4hrleisten.<br><br>\r\n\r\nDie Trocknung der Bl\u00fcten erfolgt schonend und gleichm\u00e4\u00dfig indem diese einzeln aufgelegt und in einem speziellen Raumklima langsam fermentiert werden.<br>\r\nDie Verpackung aus Zuckerrohr weist eine gute CO\u00b2 Bilanz auf, ist recycelbar und zudem auch biologisch abbaubar.\n","protected":false},"excerpt":{"rendered":"<p>CBD: ~8% &#8211; THC: &lt; 0,2%<br \/>Biologisch kultiviert<\/p>\n","protected":false},"featured_media":16578,"comment_status":"open","ping_status":"closed","template":"","meta":[],"product_brand":[],"product_cat":[95],"product_tag":[726],"class_list":{"0":"post-16573","1":"product","2":"type-product","3":"status-publish","4":"has-post-thumbnail","6":"product_cat-cbd-blueten","7":"product_tag-bio","8":"product_shipping_class-bis-02-thc","10":"first","11":"outofstock","12":"taxable","13":"shipping-taxable","14":"product-type-variable"},"_links":{"self":[{"href":"https:\/\/www.cbdblueten.de\/en\/wp-json\/wp\/v2\/product\/16573","targetHints":{"allow":["GET"]}}],"collection":[{"href":"https:\/\/www.cbdblueten.de\/en\/wp-json\/wp\/v2\/product"}],"about":[{"href":"https:\/\/www.cbdblueten.de\/en\/wp-json\/wp\/v2\/types\/product"}],"replies":[{"embeddable":true,"href":"https:\/\/www.cbdblueten.de\/en\/wp-json\/wp\/v2\/comments?post=16573"}],"wp:featuredmedia":[{"embeddable":true,"href":"https:\/\/www.cbdblueten.de\/en\/wp-json\/wp\/v2\/media\/16578"}],"wp:attachment":[{"href":"https:\/\/www.cbdblueten.de\/en\/wp-json\/wp\/v2\/media?parent=16573"}],"wp:term":[{"taxonomy":"product_brand","embeddable":true,"href":"https:\/\/www.cbdblueten.de\/en\/wp-json\/wp\/v2\/product_brand?post=16573"},{"taxonomy":"product_cat","embeddable":true,"href":"https:\/\/www.cbdblueten.de\/en\/wp-json\/wp\/v2\/product_cat?post=16573"},{"taxonomy":"product_tag","embeddable":true,"href":"https:\/\/www.cbdblueten.de\/en\/wp-json\/wp\/v2\/product_tag?post=16573"}],"curies":[{"name":"wp","href":"https:\/\/api.w.org\/{rel}","templated":true}]}}