{"id":4524,"date":"2018-02-27T18:47:53","date_gmt":"2018-02-27T17:47:53","guid":{"rendered":"https:\/\/www.cbdblueten.de\/allgemeine-geschaeftsbedingungen\/"},"modified":"2018-02-27T18:47:53","modified_gmt":"2018-02-27T17:47:53","slug":"allgemeine-geschaeftsbedingungen","status":"publish","type":"page","link":"https:\/\/www.cbdblueten.de\/en\/allgemeine-geschaeftsbedingungen\/","title":{"rendered":"Allgemeine Gesch\u00e4ftsbedingungen"},"content":{"rendered":"<p><strong>\u00a7 1 Anschrift<\/strong><\/p>\n<div class=\"entry-content\">\n<p><strong>ACBD OG<\/strong><br \/>\nAlbrechtsbergergasse 10\/17 (KEIN ABHOLM\u00d6GLICHKEIT!)<br \/>\nA \u2013 1120 Wien<\/p>\n<p><strong>Vertreten durch:<\/strong><br \/>\nNetnapa Alsch ( Gesch\u00e4ftsf\u00fchrung )<br \/>\nJohannes Linsbauer ( Gesch\u00e4ftsf\u00fchrung )<\/p>\n<p><strong>E-Mail:<\/strong> office@cbdexpress.at<br \/>\n<strong>www.cbdexpress.at<\/strong><\/p>\n<p><strong>Umssatzsteuer-Identifikationsnummer:<\/strong><br \/>\n<strong>Umsatzsteuer-ID:<\/strong> ATU72715127<\/p>\n<p>Mitglied der Wirtschaftskammer \u00d6sterreich<\/p>\n<\/div>\n<p>Unter dieser Anschrift k\u00f6nnen Sie auch Beanstandungen vorbringen oder von Ihrem Widerrufsrecht gem\u00e4\u00df \u00a7 6 Gebrauch machen.<\/p>\n<p><strong>\u00a7 2 Zustandekommen des Vertrages<\/strong><\/p>\n<p>Vor Absenden Ihrer Bestellung erhalten Sie im letzten Schritt Ihrer Bestellung die M\u00f6glichkeit, s\u00e4mtliche Angaben (z.B. Name, Anschrift, Zahlart und bestellte Artikel) nochmals zu \u00fcberpr\u00fcfen und ggf. zu \u00e4ndern. Wenn Sie den Bestellproze\u00df unter Einf\u00fcgen der dort verlangten Angaben durchlaufen haben und im letzen Schritt der Bestellung den Button \u201eBestellung absenden\u201c anklicken, geben Sie ein verbindliches Angebot beim cbdexpress ab.<\/p>\n<p>Die Annahme dieses Angebot erfolgt durch Zusendung der von Ihnen bestellten Ware.<\/p>\n<p>Der Vertrag kommt unter dem Vorbehalt der Verf\u00fcgbarkeit der bestellten Ware oder Leistung zu Stande. Kann cbdexpress das Angebot des Kunden nicht annehmen, wird dies dem Kunden in elektronischer Form mitgeteilt.<\/p>\n<p><strong>\u00a7 3 Preise, Lieferung, Versandkosten<\/strong><\/p>\n<p>Die Preise verstehen sich inklusive Mehrwertsteuer. cbdexpress wird die bestellte Ware an die vom Kunden in der Bestellung angegebene Adresse schnellstm\u00f6glich versenden.<br \/>\nSollten wir bei von Ihnen bestellten Artikeln Lieferengp\u00e4sse haben, teilen wir Ihnen umgehend per e-mail den voraussichtlichen Liefertermin mit. cbdexpress ist zu Teillieferungen berechtigt.<\/p>\n<p>Die Lieferung erfolgt zu den jeweils im Einzelfall ausgewiesenen Versandkosten. Diese entnehmen Sie bitte unserer Seite Versandinformation.<\/p>\n<p>Angaben \u00fcber die voraussichtliche Lieferfrist sind unverbindlich, sollte der cbdexpress dem Kunden nicht im Einzelfall schriftlich eine verbindliche Zusage erteilt haben.<\/p>\n<p><strong>\u00a7 4 Eigentumsvorbehalt<\/strong><\/p>\n<p>Bis zur vollst\u00e4ndigen Begleichung aller gegen den Besteller bestehenden Anspr\u00fcche verbleibt die gelieferte Ware im Eigentum vom cbdexpress.<\/p>\n<p><strong>\u00a7 5 F\u00e4lligkeit und Bezahlung<\/strong><\/p>\n<p>Hinweise zur Bezahlung und Datenschutz siehe Zahlung &amp; Datenschutz. Bei Kunden, die vom Ausland bestellen, erfolgt die Lieferung ausschlie\u00dflich gegen Vorausrechnung.<\/p>\n<p><strong>\u00a7 6 Widerrufsbelehrung<\/strong><\/p>\n<p>Widerrufsrecht:<\/p>\n<p>Sie k\u00f6nnen Ihre Vertragserkl\u00e4rung innerhalb von zwei Wochen ohne Angabe von Gr\u00fcnden in Textform (z.B. Brief, Fax, E-Mail) oder durch R\u00fccksendung der Ware (ausgenommen Zierpflanzen) widerrufen. Die Frist beginnt fr\u00fchestens mit Erhalt dieser Belehrung. Zur Wahrung der Widerrufsfrist gen\u00fcgt die rechtzeitige Absendung des Widerrufs oder der Sache. Der Widerruf ist zu richten an:<\/p>\n<div class=\"entry-content\">\n<p><strong>ACBD OG<\/strong><br \/>\nAlbrechtsbergergasse 10\/17<br \/>\nA \u2013 1120 Wien<\/p>\n<p><strong>E-Mail:<\/strong> office@cbdexpress.at<\/p>\n<\/div>\n<p>Widerrufsfolgen:<\/p>\n<p>Im Falle eines wirksamen Widerrufs sind die beiderseits empfangenen Leistungen zur\u00fcckzugew\u00e4hren und ggf. gezogene Nutzungen herauszugeben. K\u00f6nnen Sie uns die empfangene Sache ganz oder teilweise nicht oder nur in erschlechtertem Zustand zur\u00fcckgew\u00e4hren, m\u00fcssen Sie uns insoweit ggf. Wertersatz leisten. Bei der \u00dcberlassung von Sachen gilt dies nicht, wenn die Verschlechterung der Sache ausschlie\u00dflich auf deren Pr\u00fcfung \u2013 wie sie Ihnen etwa im Ladengesch\u00e4ft m\u00f6glich gewesen w\u00e4re &#8211; zur\u00fcckzuf\u00fchren ist. Im \u00dcbrigen k\u00f6nnen Sie die Wertersatzpflicht vermeiden, indem Sie die Sache nicht wie ein Eigent\u00fcmer in Gebrauch nehmen und alles unterlassen, was deren Wert beeintr\u00e4chtigt. Bei einer R\u00fccksendung aus einer Warenlieferung, deren Bestellwert insgesamt bis zu EUR 40,00 betr\u00e4gt, haben Sie die Kosten der R\u00fccksendung zu tragen, wenn die gelieferte Ware der Bestellten entspricht. Andernfalls ist die R\u00fcchsendung f\u00fcr Sie kostenfrei.<\/p>\n<p>Ende der Widerrufsbelehrung<\/p>\n<p><strong>\u00a7 7 M\u00e4ngelhaftung<\/strong><\/p>\n<p>cbdexpress wird f\u00fcr M\u00e4ngel, die bei der \u00dcbergabe der Waren vorhanden sind, w\u00e4hrend einer Gew\u00e4hrleistungsfrist von vierundzwanzig Monaten gem\u00e4\u00df folgenden Regeln einstehen.<br \/>\nDer Kunde wird evtl. auftretende M\u00e4ngel dem cbdexpress unverz\u00fcglich schriftlich mitteilen. Liegt ein vom cbdexpress zu vertretender Mangel vor, wird cbdexpress diesen nach Wahl des Kunden durch Beseitigung oder durch Ersatzlieferung beseitigen.<br \/>\nSchl\u00e4gt die M\u00e4ngelbeseitigung oder Ersatzlieferung fehl, ist cbdexpress hierzu nicht bereit oder nicht in der Lage, oder verz\u00f6gert sich diese \u00fcber unangemessene Fristen hinaus aus Gr\u00fcnden, die cbdexpress zu vertreten hat, so ist der Kunde berechtigt, unbeschadet etwaiger Schadensersatzanspr\u00fcche vom Vertrag zur\u00fcckzutreten oder eine Herabsetzung des Kaufpreises zu verlangen.<\/p>\n<p><strong>\u00a7 8 Datenschutz<\/strong><\/p>\n<p>Die f\u00fcr die Abwicklung der Bestellung erforderlichen Daten werden unter Einhaltung der Vorschriften des Bundesdatenschutzgesetzes gespeichert und vertraulich behandelt. Sofern Sie diese in gedruckter Form w\u00fcnschen, k\u00f6nnen Sie die Bestellung ausdrucken indem Sie auf der Seite Ihre Bestellung den Button \u201eBestellung ausdrucken\u201c anklicken.<\/p>\n<p><strong>\u00a7 9 Schlussbestimmungen<\/strong><\/p>\n<p>Dieser Vertrag unterliegt ausschlie\u00dflich dem materiellen Recht der Republik \u00d6sterreich. Gerichtsstand ist Wien.<\/p>\n<p><strong><u>Rechtlicher Hinweis:<\/u><\/strong><\/p>\n<p>Unsere Produkte sind nicht zur Einnahme gedacht. Eshandelt sich um Urprodukte. Verwertung untersagt!<\/p>\n","protected":false},"excerpt":{"rendered":"<p>\u00a7 1 Anschrift ACBD OG Albrechtsbergergasse 10\/17 (KEIN ABHOLM\u00d6GLICHKEIT!) A \u2013 1120 Wien Vertreten durch: Netnapa Alsch ( Gesch\u00e4ftsf\u00fchrung ) Johannes Linsbauer ( Gesch\u00e4ftsf\u00fchrung ) E-Mail: office@cbdexpress.at www.cbdexpress.at Umssatzsteuer-Identifikationsnummer: Umsatzsteuer-ID: ATU72715127 Mitglied der Wirtschaftskammer \u00d6sterreich Unter dieser Anschrift k\u00f6nnen Sie auch Beanstandungen vorbringen oder von Ihrem Widerrufsrecht gem\u00e4\u00df \u00a7 6 Gebrauch machen. \u00a7 2 Zustandekommen [&#8230;]\n","protected":false},"author":1,"featured_media":0,"parent":0,"menu_order":0,"comment_status":"closed","ping_status":"closed","template":"","meta":{"footnotes":""},"class_list":["post-4524","page","type-page","status-publish","hentry"],"_links":{"self":[{"href":"https:\/\/www.cbdblueten.de\/en\/wp-json\/wp\/v2\/pages\/4524","targetHints":{"allow":["GET"]}}],"collection":[{"href":"https:\/\/www.cbdblueten.de\/en\/wp-json\/wp\/v2\/pages"}],"about":[{"href":"https:\/\/www.cbdblueten.de\/en\/wp-json\/wp\/v2\/types\/page"}],"author":[{"embeddable":true,"href":"https:\/\/www.cbdblueten.de\/en\/wp-json\/wp\/v2\/users\/1"}],"replies":[{"embeddable":true,"href":"https:\/\/www.cbdblueten.de\/en\/wp-json\/wp\/v2\/comments?post=4524"}],"version-history":[{"count":0,"href":"https:\/\/www.cbdblueten.de\/en\/wp-json\/wp\/v2\/pages\/4524\/revisions"}],"wp:attachment":[{"href":"https:\/\/www.cbdblueten.de\/en\/wp-json\/wp\/v2\/media?parent=4524"}],"curies":[{"name":"wp","href":"https:\/\/api.w.org\/{rel}","templated":true}]}}